{"id":3,"date":"2024-09-08T12:50:01","date_gmt":"2024-09-08T12:50:01","guid":{"rendered":"https:\/\/proffinstallasjon.no\/?page_id=3"},"modified":"2026-04-08T11:52:47","modified_gmt":"2026-04-08T09:52:47","slug":"privacy-policy","status":"publish","type":"page","link":"https:\/\/www.proffinstallasjon.no\/en\/privacy-policy\/","title":{"rendered":""},"content":{"rendered":"\t\t<div data-elementor-type=\"wp-page\" data-elementor-id=\"3\" class=\"elementor elementor-3\" data-elementor-post-type=\"page\">\n\t\t\t\t<div class=\"elementor-element elementor-element-6d3020c7 e-flex e-con-boxed e-con e-parent\" data-id=\"6d3020c7\" data-element_type=\"container\" data-e-type=\"container\" data-settings=\"{&quot;background_background&quot;:&quot;classic&quot;}\">\n\t\t\t\t\t<div class=\"e-con-inner\">\n\t\t\t\t<div class=\"elementor-element elementor-element-4e066d85 elementor-widget elementor-widget-text-editor\" data-id=\"4e066d85\" data-element_type=\"widget\" data-e-type=\"widget\" data-widget_type=\"text-editor.default\">\n\t\t\t\t<div class=\"elementor-widget-container\">\n\t\t\t\t\t\t\t\t\t\n<h2 class=\"wp-block-heading\">1. Innledning<\/h2>\n<div class=\"paragraph\">Proff Installasjon AS (\u00abvi\u00bb, \u00aboss\u00bb) er opptatt av \u00e5 beskytte ditt personvern. Denne personvernerkl\u00e6ringen forklarer hvordan vi samler inn, bruker og beskytter dine personopplysninger n\u00e5r du bes\u00f8ker nettsiden v\u00e5r (<a class=\"\" href=\"http:\/\/www.proffinstallasjon.no\/\" target=\"_blank\" rel=\"noreferrer nofollow noopener\" data-v-7bd7ca31=\"\">www.proffinstallasjon.no<\/a>) eller er i kontakt med oss.<\/div>\n<div class=\"paragraph\"><strong>Behandlingsansvarlig:<\/strong><br \/>Proff Installasjon AS<br \/>Hardangervegen 74<br \/>Nesttun, Bergen<br \/>Org.nr.: 915 622 984<br \/>E-post: <a href=\"mailto:post@proffinstallasjon.no\" target=\"_blank\" rel=\"noreferrer nofollow noopener\" data-v-7bd7ca31=\"\">post@proffinstallasjon.no<\/a><\/div>\n<hr \/>\n<h2>2. Hvilke opplysninger samler vi inn?<\/h2>\n<div class=\"paragraph\">Vi kan samle inn f\u00f8lgende typer personopplysninger:<\/div>\n<div class=\"paragraph\"><strong>Kontaktinformasjon:<\/strong><\/div>\n<ul>\n<li>\n<div class=\"paragraph\">Navn<\/div>\n<\/li>\n<li>\n<div class=\"paragraph\">Telefonnummer<\/div>\n<\/li>\n<li>\n<div class=\"paragraph\">E-postadresse<\/div>\n<\/li>\n<li>\n<div class=\"paragraph\">Firmanavn (ved bedriftshenvendelser)<\/div>\n<\/li>\n<\/ul>\n<div class=\"paragraph\"><strong>Prosjektopplysninger:<\/strong><\/div>\n<ul>\n<li>\n<div class=\"paragraph\">Adresse\/prosjektlokasjon<\/div>\n<\/li>\n<li>\n<div class=\"paragraph\">Type tjeneste (kjerneboring, HVAC-R, t\u00f8rrisrengj\u00f8ring)<\/div>\n<\/li>\n<li>\n<div class=\"paragraph\">Prosjektbeskrivelse og tekniske detaljer<\/div>\n<\/li>\n<li>\n<div class=\"paragraph\">Tidsramme for oppdraget<\/div>\n<\/li>\n<\/ul>\n<div class=\"paragraph\"><strong>Tekniske opplysninger (ved nettsidebes\u00f8k):<\/strong><\/div>\n<ul>\n<li>\n<div class=\"paragraph\">IP-adresse<\/div>\n<\/li>\n<li>\n<div class=\"paragraph\">Nettlesertype og versjon<\/div>\n<\/li>\n<li>\n<div class=\"paragraph\">Informasjonskapsler (cookies)<\/div>\n<\/li>\n<\/ul>\n<hr \/>\n<h2>3. Hvordan bruker vi opplysningene?<\/h2>\n<div class=\"paragraph\">Dine personopplysninger brukes til f\u00f8lgende form\u00e5l:<\/div>\n<div class=\"table markdown-table\" data-v-5c5bdb04=\"\" data-v-7bd7ca31=\"\"><header class=\"table-actions\" data-v-5c5bdb04=\"\"><span class=\"table-title\" data-v-5c5bdb04=\"\">Table<\/span>\n<div class=\"icon-button table-actions-icon\" data-v-75564940=\"\" data-v-5c5bdb04=\"\">\u00a0<\/div>\n<div class=\"icon-button table-actions-icon\" data-v-75564940=\"\" data-v-5c5bdb04=\"\">\u00a0<\/div>\n<\/header>\n<div class=\"table-container\" data-v-5c5bdb04=\"\">\n<table data-v-5c5bdb04=\"\">\n<thead data-v-5c5bdb04=\"\">\n<tr data-v-5c5bdb04=\"\">\n<th align=\"left\" data-v-5c5bdb04=\"\">Form\u00e5l<\/th>\n<th align=\"left\" data-v-5c5bdb04=\"\">Beskrivelse<\/th>\n<\/tr>\n<\/thead>\n<tbody data-v-5c5bdb04=\"\">\n<tr data-v-5c5bdb04=\"\">\n<td align=\"left\" data-v-5c5bdb04=\"\"><strong data-v-5c5bdb04=\"\">Kundekontakt<\/strong><\/td>\n<td align=\"left\" data-v-5c5bdb04=\"\">Svare p\u00e5 henvendelser, gi tilbud og planlegge befaring<\/td>\n<\/tr>\n<tr data-v-5c5bdb04=\"\">\n<td align=\"left\" data-v-5c5bdb04=\"\"><strong data-v-5c5bdb04=\"\">Avtalegjennomf\u00f8ring<\/strong><\/td>\n<td class=\"\" align=\"left\" data-v-5c5bdb04=\"\">Utf\u00f8re avtalte tjenester (kjerneboring, HVAC-R-arbeid, etc.)<\/td>\n<\/tr>\n<tr data-v-5c5bdb04=\"\">\n<td align=\"left\" data-v-5c5bdb04=\"\"><strong data-v-5c5bdb04=\"\">Fakturering<\/strong><\/td>\n<td align=\"left\" data-v-5c5bdb04=\"\">Administrere betalinger og regnskap<\/td>\n<\/tr>\n<tr data-v-5c5bdb04=\"\">\n<td align=\"left\" data-v-5c5bdb04=\"\"><strong data-v-5c5bdb04=\"\">Kvalitetssikring<\/strong><\/td>\n<td class=\"\" align=\"left\" data-v-5c5bdb04=\"\">Dokumentere utf\u00f8rt arbeid og sikre HMS-krav<\/td>\n<\/tr>\n<tr data-v-5c5bdb04=\"\">\n<td align=\"left\" data-v-5c5bdb04=\"\"><strong data-v-5c5bdb04=\"\">Markedsf\u00f8ring<\/strong><\/td>\n<td class=\"\" align=\"left\" data-v-5c5bdb04=\"\">Sende relevant informasjon (kun med ditt samtykke)<\/td>\n<\/tr>\n<\/tbody>\n<\/table>\n<\/div>\n<\/div>\n<hr \/>\n<h2>4. Rettslig grunnlag for behandling<\/h2>\n<div class=\"paragraph\">Vi behandler dine personopplysninger basert p\u00e5 f\u00f8lgende rettslige grunnlag:<\/div>\n<ul>\n<li>\n<div class=\"paragraph\"><strong>Avtale:<\/strong> N\u00e5r det er n\u00f8dvendig for \u00e5 inng\u00e5 eller oppfylle en avtale med deg<\/div>\n<\/li>\n<li>\n<div class=\"paragraph\"><strong>Samtykke:<\/strong> N\u00e5r du har gitt eksplisitt tillatelse (f.eks. nyhetsbrev)<\/div>\n<\/li>\n<li>\n<div class=\"paragraph\"><strong class=\"\">Berettiget interesse:<\/strong> For \u00e5 besvare henvendelser og vedlikevare kundeforhold<\/div>\n<\/li>\n<li>\n<div class=\"paragraph\"><strong>Rettslig forpliktelse:<\/strong> For \u00e5 oppfylle krav i regnskapsloven og annet regelverk<\/div>\n<\/li>\n<\/ul>\n<hr \/>\n<h2>5. Deling av opplysninger<\/h2>\n<div class=\"paragraph\"><strong>Vi deler ikke dine personopplysninger med tredjeparter<\/strong>, med f\u00f8lgende unntak:<\/div>\n<ul>\n<li>\n<div class=\"paragraph\"><strong>Underleverand\u00f8rer:<\/strong> Ved behov kan vi dele n\u00f8dvendig informasjon med godkjente samarbeidspartnere som bist\u00e5r med deler av oppdraget (alltid med taushetsplikt)<\/div>\n<\/li>\n<li>\n<div class=\"paragraph\"><strong>Offentlige myndigheter:<\/strong> N\u00e5r det er p\u00e5lagt ved lov (f.eks. skattemyndigheter)<\/div>\n<\/li>\n<li>\n<div class=\"paragraph\"><strong>Revisorer\/Regnskapsf\u00f8rere:<\/strong> For lovp\u00e5lagt regnskapsf\u00f8ring<\/div>\n<\/li>\n<\/ul>\n<div class=\"paragraph\">Alle mottakere er bundet av taushetsplikt og databehandleravtaler.<\/div>\n<hr \/>\n<h2 class=\"\">6. Oppbevaring og sletting<\/h2>\n<div class=\"paragraph\">Vi oppbevarer dine personopplysninger kun s\u00e5 lenge det er n\u00f8dvendig:<\/div>\n<div class=\"table markdown-table\" data-v-5c5bdb04=\"\" data-v-7bd7ca31=\"\"><header class=\"table-actions\" data-v-5c5bdb04=\"\"><span class=\"table-title\" data-v-5c5bdb04=\"\">Table<\/span>\n<div class=\"icon-button table-actions-icon\" data-v-75564940=\"\" data-v-5c5bdb04=\"\">\u00a0<\/div>\n<div class=\"icon-button table-actions-icon\" data-v-75564940=\"\" data-v-5c5bdb04=\"\">\u00a0<\/div>\n<\/header>\n<div class=\"table-container\" data-v-5c5bdb04=\"\">\n<table data-v-5c5bdb04=\"\">\n<thead data-v-5c5bdb04=\"\">\n<tr data-v-5c5bdb04=\"\">\n<th align=\"left\" data-v-5c5bdb04=\"\">Type opplysning<\/th>\n<th align=\"left\" data-v-5c5bdb04=\"\">Oppbevaringstid<\/th>\n<\/tr>\n<\/thead>\n<tbody data-v-5c5bdb04=\"\">\n<tr data-v-5c5bdb04=\"\">\n<td align=\"left\" data-v-5c5bdb04=\"\">Tilbud\/henvendelser (ikke gjennomf\u00f8rt)<\/td>\n<td align=\"left\" data-v-5c5bdb04=\"\">Inntil 2 \u00e5r<\/td>\n<\/tr>\n<tr data-v-5c5bdb04=\"\">\n<td class=\"\" align=\"left\" data-v-5c5bdb04=\"\">Kundeavtaler (gjennomf\u00f8rt)<\/td>\n<td align=\"left\" data-v-5c5bdb04=\"\">5 \u00e5r etter avtale slutt (regnskapslov)<\/td>\n<\/tr>\n<tr data-v-5c5bdb04=\"\">\n<td class=\"\" align=\"left\" data-v-5c5bdb04=\"\">Faktura\/regnskap<\/td>\n<td align=\"left\" data-v-5c5bdb04=\"\">5 \u00e5r (regnskapslov)<\/td>\n<\/tr>\n<tr data-v-5c5bdb04=\"\">\n<td align=\"left\" data-v-5c5bdb04=\"\">Samtykke til markedsf\u00f8ring<\/td>\n<td class=\"\" align=\"left\" data-v-5c5bdb04=\"\">Inntil samtykke trekkes tilbake<\/td>\n<\/tr>\n<\/tbody>\n<\/table>\n<\/div>\n<\/div>\n<div class=\"paragraph\">Etter oppbevaringsperioden slettes opplysningene automatisk.<\/div>\n<hr \/>\n<h2>7. Dine rettigheter<\/h2>\n<div class=\"paragraph\">Som registrert har du f\u00f8lgende rettigheter etter personopplysningsloven:<\/div>\n<ul>\n<li class=\"paragraph\"><strong>Innsyn:<\/strong> Du kan be om kopi av opplysninger vi har registrert om deg<\/li>\n<li class=\"paragraph\"><strong>Rettelse:<\/strong> Du kan be om at feilaktige opplysninger korrigeres<\/li>\n<li class=\"paragraph\"><strong>Sletting:<\/strong> Du kan be om at opplysningene dine slettes (&laquo;retten til \u00e5 bli glemt&raquo;)<\/li>\n<li class=\"paragraph\"><strong>Begrensning:<\/strong> Du kan be om at behandlingen begrenses<\/li>\n<li class=\"paragraph\"><strong>Dataportabilitet:<\/strong> Du kan be om \u00e5 f\u00e5 opplysningene dine i et strukturert format<\/li>\n<li class=\"paragraph\"><strong>Innsigelse:<\/strong> Du kan protestere mot behandling basert p\u00e5 berettiget interesse<\/li>\n<li class=\"paragraph\"><strong>Trekke tilbake samtykke:<\/strong> Du kan n\u00e5r som helst trekke tilbake gitt samtykke<\/li>\n<\/ul>\n<div class=\"paragraph\"><strong>Kontakt oss for \u00e5 ut\u00f8ve dine rettigheter:<\/strong> <a href=\"mailto:post@proffinstallasjon.no\" target=\"_blank\" rel=\"noreferrer nofollow noopener\" data-v-7bd7ca31=\"\">post@proffinstallasjon.no<\/a><\/div>\n<hr \/>\n<h2>8. Sikkerhet<\/h2>\n<div class=\"paragraph\">Vi har implementert tekniske og organisatoriske sikkerhetstiltak for \u00e5 beskytte dine personopplysninger:<\/div>\n<ul>\n<li>\n<div class=\"paragraph\">Kryptering av data ved overf\u00f8ring (SSL\/HTTPS)<\/div>\n<\/li>\n<li>\n<div class=\"paragraph\">Tilgangskontroll \u2013 kun autoriserte ansatte har tilgang<\/div>\n<\/li>\n<li>\n<div class=\"paragraph\">Regelmessig sikkerhetskopiering<\/div>\n<\/li>\n<li>\n<div class=\"paragraph\">Oppdatert antivirus- og brannmur-beskyttelse<\/div>\n<\/li>\n<\/ul>\n<hr \/>\n<h2>9. Informasjonskapsler (Cookies)<\/h2>\n<div class=\"paragraph\">V\u00e5r nettside bruker informasjonskapsler for \u00e5 forbedre brukeropplevelsen. Du kan lese mer om dette i v\u00e5r [Cookie-erkl\u00e6ring] (lenke til cookies).<\/div>\n<hr \/>\n<h2>10. Endringer i personvernerkl\u00e6ringen<\/h2>\n<div class=\"paragraph\">Vi kan oppdatere denne personvernerkl\u00e6ringen ved behov. Siste oppdaterte versjon vil alltid v\u00e6re tilgjengelig p\u00e5 denne siden.<\/div>\n<div class=\"paragraph\"><strong>Sist oppdatert:<\/strong> 8. april 2025<\/div>\n<hr \/>\n<h2>11. Kontakt oss<\/h2>\n<div class=\"paragraph\">Har du sp\u00f8rsm\u00e5l om v\u00e5r behandling av personopplysninger?<\/div>\n<div class=\"paragraph\"><strong>Proff Installasjon AS<\/strong><br \/>Hardangervegen 74<br \/>Nesttun, Bergen<\/div>\n<div class=\"paragraph\"><strong>E-post:<\/strong> <a href=\"mailto:info@proffinstallasjon.no\" target=\"_blank\" rel=\"noreferrer nofollow noopener\" data-v-7bd7ca31=\"\">info@proffinstallasjon.no<\/a><br \/><strong>Telefon:<\/strong> +47 95 48 07 33<br \/><strong>Nettside:<\/strong> <a href=\"http:\/\/www.proffinstallasjon.no\/\" target=\"_blank\" rel=\"noreferrer nofollow noopener\" data-v-7bd7ca31=\"\">www.proffinstallasjon.no<\/a><\/div>\n<hr \/>\n<div class=\"paragraph\"><strong>Du har ogs\u00e5 rett til \u00e5 klage til Datatilsynet<\/strong> hvis du mener vi ikke f\u00f8lger personvernregelverket: <a href=\"http:\/\/www.datatilsynet.no\/\" target=\"_blank\" rel=\"noreferrer nofollow noopener\" data-v-7bd7ca31=\"\">www.datatilsynet.no<\/a><\/div>\t\t\t\t\t\t\t\t<\/div>\n\t\t\t\t<\/div>\n\t\t\t\t\t<\/div>\n\t\t\t\t<\/div>\n\t\t\t\t<\/div>\n\t\t","protected":false},"excerpt":{"rendered":"<p>1. Innledning Proff Installasjon AS (\u00abvi\u00bb, \u00aboss\u00bb) er opptatt av \u00e5 beskytte ditt personvern. Denne personvernerkl\u00e6ringen forklarer hvordan vi samler inn, bruker og beskytter dine personopplysninger n\u00e5r du bes\u00f8ker nettsiden v\u00e5r (www.proffinstallasjon.no) eller er i kontakt med oss. Behandlingsansvarlig:Proff Installasjon ASHardangervegen 74Nesttun, BergenOrg.nr.: 915 622 984E-post: post@proffinstallasjon.no 2. Hvilke opplysninger samler vi inn? Vi kan [&hellip;]<\/p>\n","protected":false},"author":1,"featured_media":0,"parent":0,"menu_order":0,"comment_status":"closed","ping_status":"open","template":"","meta":{"_uag_custom_page_level_css":"","site-sidebar-layout":"default","site-content-layout":"","ast-site-content-layout":"default","site-content-style":"default","site-sidebar-style":"default","ast-global-header-display":"","ast-banner-title-visibility":"","ast-main-header-display":"","ast-hfb-above-header-display":"","ast-hfb-below-header-display":"","ast-hfb-mobile-header-display":"","site-post-title":"","ast-breadcrumbs-content":"","ast-featured-img":"","footer-sml-layout":"","ast-disable-related-posts":"","theme-transparent-header-meta":"","adv-header-id-meta":"","stick-header-meta":"","header-above-stick-meta":"","header-main-stick-meta":"","header-below-stick-meta":"","astra-migrate-meta-layouts":"set","ast-page-background-enabled":"default","ast-page-background-meta":{"desktop":{"background-color":"","background-image":"","background-repeat":"repeat","background-position":"center center","background-size":"auto","background-attachment":"scroll","background-type":"","background-media":"","overlay-type":"","overlay-color":"","overlay-opacity":"","overlay-gradient":""},"tablet":{"background-color":"","background-image":"","background-repeat":"repeat","background-position":"center center","background-size":"auto","background-attachment":"scroll","background-type":"","background-media":"","overlay-type":"","overlay-color":"","overlay-opacity":"","overlay-gradient":""},"mobile":{"background-color":"","background-image":"","background-repeat":"repeat","background-position":"center center","background-size":"auto","background-attachment":"scroll","background-type":"","background-media":"","overlay-type":"","overlay-color":"","overlay-opacity":"","overlay-gradient":""}},"ast-content-background-meta":{"desktop":{"background-color":"var(--ast-global-color-5)","background-image":"","background-repeat":"repeat","background-position":"center center","background-size":"auto","background-attachment":"scroll","background-type":"","background-media":"","overlay-type":"","overlay-color":"","overlay-opacity":"","overlay-gradient":""},"tablet":{"background-color":"var(--ast-global-color-5)","background-image":"","background-repeat":"repeat","background-position":"center center","background-size":"auto","background-attachment":"scroll","background-type":"","background-media":"","overlay-type":"","overlay-color":"","overlay-opacity":"","overlay-gradient":""},"mobile":{"background-color":"var(--ast-global-color-5)","background-image":"","background-repeat":"repeat","background-position":"center center","background-size":"auto","background-attachment":"scroll","background-type":"","background-media":"","overlay-type":"","overlay-color":"","overlay-opacity":"","overlay-gradient":""}},"footnotes":""},"class_list":["post-3","page","type-page","status-publish","hentry"],"uagb_featured_image_src":{"full":false,"thumbnail":false,"medium":false,"medium_large":false,"large":false,"1536x1536":false,"2048x2048":false,"trp-custom-language-flag":false},"uagb_author_info":{"display_name":"jakub.mastalir06@gmail.com","author_link":"https:\/\/www.proffinstallasjon.no\/en\/author\/jakub-mastalir06gmail-com\/"},"uagb_comment_info":0,"uagb_excerpt":"1. Innledning Proff Installasjon AS (\u00abvi\u00bb, \u00aboss\u00bb) er opptatt av \u00e5 beskytte ditt personvern. Denne personvernerkl\u00e6ringen forklarer hvordan vi samler inn, bruker og beskytter dine personopplysninger n\u00e5r du bes\u00f8ker nettsiden v\u00e5r (www.proffinstallasjon.no) eller er i kontakt med oss. Behandlingsansvarlig:Proff Installasjon ASHardangervegen 74Nesttun, BergenOrg.nr.: 915 622 984E-post: post@proffinstallasjon.no 2. Hvilke opplysninger samler vi inn? Vi kan&hellip;","_links":{"self":[{"href":"https:\/\/www.proffinstallasjon.no\/en\/wp-json\/wp\/v2\/pages\/3","targetHints":{"allow":["GET"]}}],"collection":[{"href":"https:\/\/www.proffinstallasjon.no\/en\/wp-json\/wp\/v2\/pages"}],"about":[{"href":"https:\/\/www.proffinstallasjon.no\/en\/wp-json\/wp\/v2\/types\/page"}],"author":[{"embeddable":true,"href":"https:\/\/www.proffinstallasjon.no\/en\/wp-json\/wp\/v2\/users\/1"}],"replies":[{"embeddable":true,"href":"https:\/\/www.proffinstallasjon.no\/en\/wp-json\/wp\/v2\/comments?post=3"}],"version-history":[{"count":14,"href":"https:\/\/www.proffinstallasjon.no\/en\/wp-json\/wp\/v2\/pages\/3\/revisions"}],"predecessor-version":[{"id":2756,"href":"https:\/\/www.proffinstallasjon.no\/en\/wp-json\/wp\/v2\/pages\/3\/revisions\/2756"}],"wp:attachment":[{"href":"https:\/\/www.proffinstallasjon.no\/en\/wp-json\/wp\/v2\/media?parent=3"}],"curies":[{"name":"wp","href":"https:\/\/api.w.org\/{rel}","templated":true}]}}